{"id":1425,"date":"2018-03-23T00:34:03","date_gmt":"2018-03-23T00:34:03","guid":{"rendered":"http:\/\/coemco.com.br\/2018\/?page_id=1425"},"modified":"2023-06-27T17:39:14","modified_gmt":"2023-06-27T17:39:14","slug":"inscricoes-online","status":"publish","type":"page","link":"https:\/\/cgem.org.br\/2023\/inscricoes-online\/","title":{"rendered":"Inscri\u00e7\u00f5es Online"},"content":{"rendered":"<h4><span style=\"color: #000000;\"><strong>TABELA DE VALORES<\/strong><\/span><\/h4>\n<p>&nbsp;<\/p>\n<p style=\"text-align: center;\"><img decoding=\"async\" class=\"aligncenter wp-image-3601\" src=\"https:\/\/cgem.org.br\/2023\/wp-content\/uploads\/2023\/06\/Tabela_valores_cgem2023_v2.png\" alt=\"\" width=\"85%\"><\/p>\n<p>&nbsp;<\/p>\n<p style=\"text-align: center;\"><a href=\"https:\/\/admin.abem-nacional.com.br\/evento\/24-cgem\" target=\"_blank\" rel=\"noopener\"><img decoding=\"async\" loading=\"lazy\" class=\"aligncenter wp-image-3604\" src=\"https:\/\/cgem.org.br\/2023\/wp-content\/uploads\/2023\/04\/24cgem_btn_inscricao.png\" alt=\"\" width=\"250\" height=\"41\"><\/a><\/p>\n<hr>\n<p><span style=\"color: #000000;\"><strong>Informa\u00e7\u00f5es Importantes:&nbsp;<\/strong><\/span><\/p>\n<p><span style=\"color: #000000;\">a) As vagas para o evento s\u00e3o LIMITADAS!<\/span><br><span style=\"color: #000000;\">b) Inscri\u00e7\u00f5es On-line: at\u00e9 o dia 26\/06\/2023<\/span><br><span style=\"color: #000000;\">c) Formas de pagamentos dispon\u00edveis:<\/span><br><span style=\"color: #000000;\">\u2013 Boleto Banc\u00e1rio (at\u00e9 o dia 26\/06\/2023)<\/span><br><span style=\"color: #000000;\">\u2013 Cart\u00e3o de Cr\u00e9dito<\/span><br><span style=\"color: #000000;\">\u2013 PIX<\/span><\/p>\n<p><span style=\"color: #000000;\"><strong><br>Prazos para compensa\u00e7\u00e3o:<\/strong><\/span><br><span style=\"color: #000000;\">\u2013 Boleto Banc\u00e1rio: em at\u00e9 3 dias \u00fateis<\/span><br><span style=\"color: #000000;\">\u2013 Cart\u00e3o de Cr\u00e9dito: em at\u00e9 1 hora<\/span><br><span style=\"color: #000000;\">\u2013 PIX: 5 minutos<\/span><\/p>\n<p>&nbsp;<\/p>\n<hr>\n<h4><span style=\"color: #000000;\"><strong>PACOTE DE INSCRI\u00c7\u00d5ES<\/strong><\/span><\/h4>\n<p><span style=\"color: #000000;\"><br>Ser\u00e3o aceitas inscri\u00e7\u00f5es por pacotes com no m\u00ednimo 10 (dez) inscri\u00e7\u00f5es, pagas em conjunto, de uma s\u00f3 vez, com emiss\u00e3o de boleto \u00fanico em nome do usu\u00e1rio que gerou o pacote.<\/span><\/p>\n<p><span style=\"color: #000000;\">As inscri\u00e7\u00f5es podem ser realizadas por:<br><strong>&#8211; Pessoa Jur\u00eddica<\/strong> (escolas m\u00e9dicas ou outras Institui\u00e7\u00f5es) associada a ABEM.<\/span><br><span style=\"color: #000000;\">&#8211; <strong>Pessoa F\u00edsica<\/strong>, atrav\u00e9s da realiza\u00e7\u00e3o <strong>SOMENTE do CADASTRO<\/strong> que vai gerar o (login + senha).<\/span><\/p>\n<p><span style=\"color: #000000;\"><strong><br>01 | Para fazer o CADASTRO:<\/strong><\/span><br><span style=\"color: #000000;\">&#8211; Na tela inicial do Painel do Congressista clicar, no menu superior, em <strong>CADASTRO<\/strong>.<\/span><br><span style=\"color: #000000;\">&#8211; Preencher o formul\u00e1rio com as informa\u00e7\u00f5es solicitadas e clicar em, <strong>REGISTRAR<br><\/strong>&#8211; Voltar a tela inicial e realizar o <strong>LOGIN<br><\/strong>***Caso a Pessoa F\u00edsica, j\u00e1 tenha participados em qualquer congresso ABEM, nos \u00faltimos 02 (dois) anos, j\u00e1 possu\u00ed o CADASTRO, basta realizar o login ou recuperar a senha de acesso.<strong><br><\/strong><\/span><\/p>\n<p><span style=\"color: #000000;\"><strong><br>02 | Para realizar um Pacote de Inscri\u00e7\u00f5es:<\/strong><\/span><br><span style=\"color: #000000;\">&#8211; Ap\u00f3s realizado o login no painel do congressista, clicar no menu superior: <strong>Inscri\u00e7\u00f5es -&gt;Pacote de Inscri\u00e7\u00f5es<\/strong><\/span><br><span style=\"color: #000000;\">&#8211; Todos os congressistas, que ir\u00e3o compor o pacote, dever\u00e3o estar previamente <strong>cadastrados <\/strong>(apenas cadastrados e n\u00e3o inscritos no evento)&nbsp;no sistema. Caso contr\u00e1rio n\u00e3o ser\u00e1 poss\u00edvel inseri-los no pacote de inscri\u00e7\u00f5es.<\/span><\/p>\n<p><span style=\"color: #000000;\"><br>Abaixo a tabela de desconto referente ao n\u00famero de congressistas por pacote.<\/span><\/p>\n<p>&#8211; Pacote de 10 a 20 inscritos, desconto de 10%<br>&#8211; Pacote de 21 a 30 inscritos, desconto de 15%<br>&#8211; Pacote de 31 a 50 inscritos, desconto de 20%<br>&#8211; Pacote acima de 50 inscritos, desconto de 25%<\/p>\n<p><span style=\"color: #000000;\">Data limite para cadastro de pacote de inscri\u00e7\u00f5es: <strong>26\/06\/2023<\/strong><\/span><\/p>\n<p>&nbsp;<\/p>\n<hr>\n<h4><span style=\"color: #000000;\"><strong>CERTIFICADOS<\/strong><\/span><\/h4>\n<p><span style=\"color: #000000;\"><br>Os certificados DE PARTICIPA\u00c7\u00c3O ser\u00e3o disponibilizados, no painel do congressista, 15 (quinze) dias \u00fateis ap\u00f3s o t\u00e9rmino do evento. N\u00e3o haver\u00e1 emiss\u00e3o de certificados de participa\u00e7\u00e3o no local do evento.<\/span><\/p>\n<h4>&nbsp;<\/h4>\n<hr>\n<h4><span style=\"color: #000000;\"><strong>POL\u00cdTICA DE REEMBOLSO<\/strong><\/span><\/h4>\n<p><span style=\"color: #000000;\"><strong><br>&#8211; Sem Justificativa:<\/strong> Prazo para solicita\u00e7\u00e3o: at\u00e9 30 (trinta) dias antes do evento.<br>Valor a ser reembolsado: 80% do valor pago.<br>Deve-se acessar o painel do congressista, no menu superior clicar em \u201cInscri\u00e7\u00f5es -&gt; Minhas Inscri\u00e7\u00f5es\u201d e solicitar o reembolso da fatura referente a inscri\u00e7\u00e3o no evento.<\/span><\/p>\n<p><span style=\"color: #000000;\"><strong>&#8211; Problemas de Sa\u00fade:<\/strong> Prazo para solicita\u00e7\u00e3o: at\u00e9 3 (tr\u00eas) dias antes do evento.<br>Valor a ser reembolsado: 80% do valor pago. <br>Deve-se acessar o painel do congressista, no menu superior clicar em \u201cInscri\u00e7\u00f5es -&gt; Minhas Inscri\u00e7\u00f5es\u201d e solicitar o reembolso da fatura referente a inscri\u00e7\u00e3o no evento.<\/span><\/p>\n<p><span style=\"color: #000000;\"><strong>&#8211; Duplicidade de Pagamento:<\/strong> Prazo para solicita\u00e7\u00e3o: at\u00e9 3 (tr\u00eas) dias antes do evento.<br>Valor a ser reembolsado: 100% do valor pago. <br>Deve-se acessar o painel do congressista, no menu superior clicar em \u201cInscri\u00e7\u00f5es -&gt; Minhas Inscri\u00e7\u00f5es\u201d e solicitar o reembolso da fatura referente a inscri\u00e7\u00e3o no evento.<\/span><\/p>\n<p><span style=\"color: #000000;\"><strong>N\u00e3o Comparecimento:<\/strong> Em caso de n\u00e3o comparecimento, o valor pago pela inscri\u00e7\u00e3o do evento ou oficina n\u00e3o ser\u00e1 devolvido.<\/span><\/p>\n<hr>\n\n\n<p><\/p>\n","protected":false},"excerpt":{"rendered":"TABELA DE VALORES &nbsp; &nbsp; Informa\u00e7\u00f5es Importantes:&nbsp; a) As vagas para o evento s\u00e3o LIMITADAS!b) Inscri\u00e7\u00f5es On-line: at\u00e9 o dia 26\/06\/2023c) Formas de pagamentos dispon\u00edveis:\u2013 Boleto Banc\u00e1rio (at\u00e9 o dia 26\/06\/2023)\u2013 Cart\u00e3o de Cr\u00e9dito\u2013 PIX Prazos para compensa\u00e7\u00e3o:\u2013 Boleto Banc\u00e1rio: em at\u00e9 3 dias \u00fateis\u2013 Cart\u00e3o de Cr\u00e9dito: em at\u00e9 1 hora\u2013 PIX: 5 minutos&#8230; <a class=\"view-article\" href=\"https:\/\/cgem.org.br\/2023\/inscricoes-online\/\">Ver artigo<\/a>","protected":false},"author":2,"featured_media":3574,"parent":0,"menu_order":8,"comment_status":"closed","ping_status":"closed","template":"template_institutional.php","meta":[],"acf":[],"_links":{"self":[{"href":"https:\/\/cgem.org.br\/2023\/wp-json\/wp\/v2\/pages\/1425"}],"collection":[{"href":"https:\/\/cgem.org.br\/2023\/wp-json\/wp\/v2\/pages"}],"about":[{"href":"https:\/\/cgem.org.br\/2023\/wp-json\/wp\/v2\/types\/page"}],"author":[{"embeddable":true,"href":"https:\/\/cgem.org.br\/2023\/wp-json\/wp\/v2\/users\/2"}],"replies":[{"embeddable":true,"href":"https:\/\/cgem.org.br\/2023\/wp-json\/wp\/v2\/comments?post=1425"}],"version-history":[{"count":11,"href":"https:\/\/cgem.org.br\/2023\/wp-json\/wp\/v2\/pages\/1425\/revisions"}],"predecessor-version":[{"id":3659,"href":"https:\/\/cgem.org.br\/2023\/wp-json\/wp\/v2\/pages\/1425\/revisions\/3659"}],"wp:featuredmedia":[{"embeddable":true,"href":"https:\/\/cgem.org.br\/2023\/wp-json\/wp\/v2\/media\/3574"}],"wp:attachment":[{"href":"https:\/\/cgem.org.br\/2023\/wp-json\/wp\/v2\/media?parent=1425"}],"curies":[{"name":"wp","href":"https:\/\/api.w.org\/{rel}","templated":true}]}}