{"id":157,"date":"2016-04-15T04:30:38","date_gmt":"2016-04-15T04:30:38","guid":{"rendered":"http:\/\/cobem.com.br\/2016\/?page_id=157"},"modified":"2023-07-04T20:48:28","modified_gmt":"2023-07-04T20:48:28","slug":"organizacao","status":"publish","type":"page","link":"https:\/\/cgem.org.br\/2023\/o-congresso\/organizacao\/","title":{"rendered":"Organiza\u00e7\u00e3o"},"content":{"rendered":"<h4><span style=\"color: #000000;\">Comiss\u00e3o Organizadora<br><\/span><\/h4>\n<hr>\n<p><span style=\"color: #000000;\"><strong>Diretor da Regional Abem | Sul 1<\/strong><\/span><br>&#8211; Francisco Jorge Arsego de Oliveira<\/p>\n<p>&nbsp;<\/p>\n<p><span style=\"color: #000000;\"><strong>Presidente Docente do Congresso<\/strong><\/span><br>&#8211; Cristiane Bauermann Leitao<\/p>\n<p>&nbsp;<\/p>\n<p><span style=\"color: #000000;\"><strong>Presidente Discente do Congresso<\/strong><\/span><br>&#8211; Carolina Fouchy Schons<\/p>\n<p>&nbsp;<\/p>\n<p><span style=\"color: #000000;\"><strong>Comiss\u00e3o de Programa\u00e7\u00e3o Cient\u00edfica<\/strong><\/span><br>&#8211; Murilo Silveira Echeverria<br>&#8211; Matheus Debona Comin<br>&#8211; Cristiane Bauermann Leit\u00e3o <br>&#8211; Francisco Arsego de Oliveira <br>&#8211; Carolina Fouchy Schons<br>&#8211; Leandro Tuzzin<\/p>\n<p>&nbsp;<\/p>\n<p><span style=\"color: #000000;\"><strong>Comiss\u00e3o de Trabalhos<\/strong><\/span><br>&#8211; Cristiane Barelli<br>&#8211; Francisco Jorge Arsego de Oliveira<br>&#8211; J\u00falia Geitens Valente<\/p>\n<p>&nbsp;<\/p>\n<p><span style=\"color: #000000;\"><strong>Comiss\u00e3o de Infraestrutura<\/strong><\/span><br>&#8211; Francisco Jorge Arsego de Oliveira<\/p>\n<p>&nbsp;<\/p>\n<p><span style=\"color: #000000;\"><strong>Comiss\u00e3o Cultural<\/strong><\/span><br>&#8211; Cristiane Bauermann Leit\u00e3o <br>&#8211; Roberta Moschetta<br>&#8211; J\u00falia Figueiredo<br>&#8211; Isadora Witt Bosak<br>&#8211; Samuel Afonso de Freitas Toledo<br>&#8211; Maria Eduarda Kaminski<\/p>\n<p>&nbsp;<\/p>\n<p><span style=\"color: #000000;\"><strong>Comiss\u00e3o de Comunica\u00e7\u00e3o<\/strong><\/span><br>&#8211; Augusto Reginatto<br>&#8211; Lia Grub Becker<br>&#8211; Laura Chao Chuang<\/p>\n<p>&nbsp;<\/p>\n<p><span style=\"color: #000000;\"><strong>Apoio T.I<\/strong><\/span><br>&#8211; Luis Fernando Corr\u00eaa Cartezani<\/p>\n\n\n<p><\/p>\n","protected":false},"excerpt":{"rendered":"Comiss\u00e3o Organizadora Diretor da Regional Abem | Sul 1&#8211; Francisco Jorge Arsego de Oliveira &nbsp; Presidente Docente do Congresso&#8211; Cristiane Bauermann Leitao &nbsp; Presidente Discente do Congresso&#8211; Carolina Fouchy Schons &nbsp; Comiss\u00e3o de Programa\u00e7\u00e3o Cient\u00edfica&#8211; Murilo Silveira Echeverria&#8211; Matheus Debona Comin&#8211; Cristiane Bauermann Leit\u00e3o &#8211; Francisco Arsego de Oliveira &#8211; Carolina Fouchy Schons&#8211; Leandro Tuzzin&#8230; <a class=\"view-article\" href=\"https:\/\/cgem.org.br\/2023\/o-congresso\/organizacao\/\">Ver artigo<\/a>","protected":false},"author":2,"featured_media":3574,"parent":23,"menu_order":2,"comment_status":"closed","ping_status":"closed","template":"template_institutional.php","meta":[],"acf":[],"_links":{"self":[{"href":"https:\/\/cgem.org.br\/2023\/wp-json\/wp\/v2\/pages\/157"}],"collection":[{"href":"https:\/\/cgem.org.br\/2023\/wp-json\/wp\/v2\/pages"}],"about":[{"href":"https:\/\/cgem.org.br\/2023\/wp-json\/wp\/v2\/types\/page"}],"author":[{"embeddable":true,"href":"https:\/\/cgem.org.br\/2023\/wp-json\/wp\/v2\/users\/2"}],"replies":[{"embeddable":true,"href":"https:\/\/cgem.org.br\/2023\/wp-json\/wp\/v2\/comments?post=157"}],"version-history":[{"count":9,"href":"https:\/\/cgem.org.br\/2023\/wp-json\/wp\/v2\/pages\/157\/revisions"}],"predecessor-version":[{"id":3671,"href":"https:\/\/cgem.org.br\/2023\/wp-json\/wp\/v2\/pages\/157\/revisions\/3671"}],"up":[{"embeddable":true,"href":"https:\/\/cgem.org.br\/2023\/wp-json\/wp\/v2\/pages\/23"}],"wp:featuredmedia":[{"embeddable":true,"href":"https:\/\/cgem.org.br\/2023\/wp-json\/wp\/v2\/media\/3574"}],"wp:attachment":[{"href":"https:\/\/cgem.org.br\/2023\/wp-json\/wp\/v2\/media?parent=157"}],"curies":[{"name":"wp","href":"https:\/\/api.w.org\/{rel}","templated":true}]}}