{"id":159,"date":"2016-04-15T04:31:33","date_gmt":"2016-04-15T04:31:33","guid":{"rendered":"http:\/\/cobem.com.br\/2016\/?page_id=159"},"modified":"2023-05-09T14:29:16","modified_gmt":"2023-05-09T14:29:16","slug":"temario","status":"publish","type":"page","link":"https:\/\/cgem.org.br\/2023\/o-congresso\/temario\/","title":{"rendered":"Tem\u00e1rio"},"content":{"rendered":"<h4 style=\"text-align: center;\"><span style=\"color: #000000;\"><strong>Tema Central:<br>\u201cEduca\u00e7\u00e3o M\u00e9dica Baseada no Cuidado: 125 anos de forma\u00e7\u00e3o m\u00e9dica no Rio Grande do Sul\u201d<\/strong><\/span><\/h4>\n<hr>\n<p><span style=\"color: #000000;\"><strong><br>Eixo 1: Educa\u00e7\u00e3o inclusiva<\/strong><br>Estudantes e residentes com necessidades especiais; estigma e preconceito durante a forma\u00e7\u00e3o m\u00e9dica; \u00e9tica, humaniza\u00e7\u00e3o e profissionalismo; a\u00e7\u00f5es afirmativas; legisla\u00e7\u00e3o espec\u00edfica. <br><\/span><\/p>\n<hr>\n<p><span style=\"color: #000000;\"><strong><br>Eixo 2: Sa\u00fade mental na escola m\u00e9dica<\/strong><br>Propostas inovadoras de cuidado; autocuidado; a\u00e7\u00f5es de preven\u00e7\u00e3o e de promo\u00e7\u00e3o de sa\u00fade mental; uso e abuso de subst\u00e2ncias; experi\u00eancias de cuidado integral para estudantes e docentes; espiritualidade. <br><\/span><\/p>\n<hr>\n<p><span style=\"color: #000000;\"><strong><br>Eixo 3: Forma\u00e7\u00e3o e avalia\u00e7\u00e3o<\/strong><br>EPAs; feedback; avalia\u00e7\u00e3o formativa; curriculariza\u00e7\u00e3o da extens\u00e3o; forma\u00e7\u00e3o m\u00e9dica e o SUS; capacita\u00e7\u00e3o docente; metodologias de ensino-aprendizagem; diretrizes curriculares. <strong><br><\/strong><\/span><\/p>\n<hr>\n<p><span style=\"color: #000000;\"><strong><br>Eixo 4: Simula\u00e7\u00e3o<\/strong><br>Ferramentas tecnol\u00f3gicas no ensino m\u00e9dico: potencialidades e limites; simula\u00e7\u00e3o real\u00edstica; desenvolvimento docente em simula\u00e7\u00e3o. <br><\/span><\/p>\n<hr>\n<p><span style=\"color: #000000;\"><strong><br>Eixo 5: Resid\u00eancia m\u00e9dica<\/strong><br>Ass\u00e9dio e abusos na resid\u00eancia m\u00e9dica, indicadores de qualidade; sa\u00fade mental dos residentes, experi\u00eancias de tutoria\/mentoria na resid\u00eancia; matriz de compet\u00eancias; processos seletivos; residentes com desempenho insatisfat\u00f3rio; trabalhos de conclus\u00e3o da resid\u00eancia. <br><\/span><\/p>\n\n\n<p><\/p>\n","protected":false},"excerpt":{"rendered":"Tema Central:\u201cEduca\u00e7\u00e3o M\u00e9dica Baseada no Cuidado: 125 anos de forma\u00e7\u00e3o m\u00e9dica no Rio Grande do Sul\u201d Eixo 1: Educa\u00e7\u00e3o inclusivaEstudantes e residentes com necessidades especiais; estigma e preconceito durante a forma\u00e7\u00e3o m\u00e9dica; \u00e9tica, humaniza\u00e7\u00e3o e profissionalismo; a\u00e7\u00f5es afirmativas; legisla\u00e7\u00e3o espec\u00edfica. Eixo 2: Sa\u00fade mental na escola m\u00e9dicaPropostas inovadoras de cuidado; autocuidado; a\u00e7\u00f5es de preven\u00e7\u00e3o e&#8230; <a class=\"view-article\" href=\"https:\/\/cgem.org.br\/2023\/o-congresso\/temario\/\">Ver artigo<\/a>","protected":false},"author":2,"featured_media":3574,"parent":23,"menu_order":3,"comment_status":"closed","ping_status":"closed","template":"template_institutional.php","meta":[],"acf":[],"_links":{"self":[{"href":"https:\/\/cgem.org.br\/2023\/wp-json\/wp\/v2\/pages\/159"}],"collection":[{"href":"https:\/\/cgem.org.br\/2023\/wp-json\/wp\/v2\/pages"}],"about":[{"href":"https:\/\/cgem.org.br\/2023\/wp-json\/wp\/v2\/types\/page"}],"author":[{"embeddable":true,"href":"https:\/\/cgem.org.br\/2023\/wp-json\/wp\/v2\/users\/2"}],"replies":[{"embeddable":true,"href":"https:\/\/cgem.org.br\/2023\/wp-json\/wp\/v2\/comments?post=159"}],"version-history":[{"count":10,"href":"https:\/\/cgem.org.br\/2023\/wp-json\/wp\/v2\/pages\/159\/revisions"}],"predecessor-version":[{"id":3620,"href":"https:\/\/cgem.org.br\/2023\/wp-json\/wp\/v2\/pages\/159\/revisions\/3620"}],"up":[{"embeddable":true,"href":"https:\/\/cgem.org.br\/2023\/wp-json\/wp\/v2\/pages\/23"}],"wp:featuredmedia":[{"embeddable":true,"href":"https:\/\/cgem.org.br\/2023\/wp-json\/wp\/v2\/media\/3574"}],"wp:attachment":[{"href":"https:\/\/cgem.org.br\/2023\/wp-json\/wp\/v2\/media?parent=159"}],"curies":[{"name":"wp","href":"https:\/\/api.w.org\/{rel}","templated":true}]}}