{"id":135,"date":"2016-03-31T14:21:06","date_gmt":"2016-03-31T14:21:06","guid":{"rendered":"http:\/\/localhost:8080\/?page_id=2"},"modified":"2025-06-27T13:25:55","modified_gmt":"2025-06-27T13:25:55","slug":"home","status":"publish","type":"page","link":"https:\/\/cgem.org.br\/2025\/","title":{"rendered":"25\u00ba Congresso Ga\u00facho<br\/>de Educa\u00e7\u00e3o M\u00e9dica"},"content":{"rendered":"<h4 style=\"text-align: center;\"><strong>\u2013 CERTIFICADOS LIBERADOS \u2013<\/strong><\/h4>\n<p style=\"text-align: center;\"><br \/><a href=\"https:\/\/cgem.org.br\/2025\/certificados\/\">(clique aqui para mais informa\u00e7\u00f5es)<\/a><\/p>\n<h4>\u00a0<\/h4>\n<hr \/>\n<h4 style=\"text-align: center;\"><span style=\"color: #000000;\"><strong><br \/>Seja bem-vindo!<br \/><br \/><\/strong><\/span><\/h4>\n<p>No ano de 2024, fomos desafiados por um momento cr\u00edtico causado pelas enchentes que atingiram o estado do Rio Grande do Sul. Em raz\u00e3o disso, o 25\u00b0 Congresso Ga\u00facho de Educa\u00e7\u00e3o M\u00e9dica precisou ser adiado. Agora, com o cen\u00e1rio estabilizado, estamos prontos para realizar esse evento t\u00e3o importante.<br \/><br \/><\/p>\n<p>A cidade de Santa Maria, localizada no cora\u00e7\u00e3o do estado e cercada por paisagens \u00fanicas que integram morros e o in\u00edcio do pampa ga\u00facho, ser\u00e1 novamente palco de um dos eventos mais relevantes para a educa\u00e7\u00e3o m\u00e9dica no Rio Grande do Sul. Com sua hospitalidade e atrativos tur\u00edsticos, Santa Maria \u00e9 o destino perfeito para acolher os participantes que, al\u00e9m de debates enriquecedores, poder\u00e3o aproveitar o que a regi\u00e3o tem a oferecer.<br \/><br \/><\/p>\n<p>A Regional Sul I da ABEM, representando as 20 escolas m\u00e9dicas do estado, convida a todos \u2014 acad\u00eamicos, professores, gestores, residentes, profissionais da sa\u00fade e formadores de opini\u00e3o \u2014 a participarem deste evento, que ocorrer\u00e1 nos dias 23 e 24 de maio de 2025. Ao longo de sua trajet\u00f3ria, Santa Maria j\u00e1 sediou o primeiro e o oitavo CGEM, e agora, em sua vig\u00e9sima quinta edi\u00e7\u00e3o, o congresso retorna com o tema central: <em>\u201cDesafios nas demandas contempor\u00e2neas da forma\u00e7\u00e3o m\u00e9dica\u201d<\/em>.<br \/><br \/><\/p>\n<p>A educa\u00e7\u00e3o m\u00e9dica, em constante evolu\u00e7\u00e3o, exige discuss\u00f5es atualizadas para atender \u00e0s novas demandas da sociedade e da profiss\u00e3o. O 25\u00b0 CGEM tem como prop\u00f3sito promover debates e disseminar conhecimento sobre as transforma\u00e7\u00f5es tecnol\u00f3gicas e sociais que impactam a forma\u00e7\u00e3o m\u00e9dica atual. A programa\u00e7\u00e3o do evento abordar\u00e1 temas essenciais para a constru\u00e7\u00e3o de um futuro mais alinhado \u00e0s necessidades dos estudantes e profissionais da \u00e1rea.<br \/><br \/><\/p>\n<p>Al\u00e9m da programa\u00e7\u00e3o cient\u00edfica, o congresso oferecer\u00e1 atividades culturais e apresenta\u00e7\u00f5es de trabalhos acad\u00eamicos, enriquecendo ainda mais a experi\u00eancia dos participantes. Ser\u00e1 uma oportunidade \u00fanica para compartilhar experi\u00eancias, discutir solu\u00e7\u00f5es e propor novas perspectivas para a educa\u00e7\u00e3o m\u00e9dica no Brasil.<br \/><br \/><\/p>\n<p>Por fim, convidamos cada um(a) de voc\u00eas a estarem conosco em Santa Maria, para debatermos os <em>\u201cDesafios nas demandas contempor\u00e2neas da forma\u00e7\u00e3o m\u00e9dica\u201d<\/em>. Entre os temas que nortear\u00e3o o congresso est\u00e3o: marketing digital e desafios \u00e9ticos, o uso das redes sociais na medicina, constru\u00e7\u00e3o do conhecimento na forma\u00e7\u00e3o profissional, impacto das tecnologias na rela\u00e7\u00e3o m\u00e9dico-paciente, avalia\u00e7\u00e3o na forma\u00e7\u00e3o m\u00e9dica (gradua\u00e7\u00e3o e resid\u00eancia), efeitos da simula\u00e7\u00e3o real\u00edstica sobre empatia e compaix\u00e3o dos estudantes de medicina, intelig\u00eancia artificial na pr\u00e1tica m\u00e9dica e constru\u00e7\u00e3o de carreira, entre outros t\u00f3picos relevantes.<br \/><br \/><\/p>\n<p>Contamos com a sua participa\u00e7\u00e3o!<br \/><br \/><\/p>\n<p style=\"text-align: right;\">Comiss\u00e3o Organizadora do 25\u00ba CGEM<\/p>\n<hr \/>\n<p style=\"text-align: center;\"><strong><br \/>PATROCINADORES DO EVENTO:<\/strong><\/p>\n<p style=\"text-align: center;\"><img loading=\"lazy\" decoding=\"async\" class=\"aligncenter wp-image-3723\" src=\"https:\/\/cgem.org.br\/2025\/wp-content\/uploads\/2025\/05\/Patrocinadores_25Cgem.png\" alt=\"\" width=\"700\" height=\"831\" \/><\/p>\n<hr \/>\n<h4 style=\"text-align: center;\"><strong><br \/>REALIZA\u00c7\u00c3O:<\/strong><\/h4>\n<p style=\"text-align: center;\"><img loading=\"lazy\" decoding=\"async\" class=\"aligncenter wp-image-2969 size-medium\" src=\"https:\/\/cgem.org.br\/2025\/wp-content\/uploads\/2019\/09\/abem_v2-250x121.jpg\" alt=\"\" width=\"250\" height=\"121\" srcset=\"https:\/\/cgem.org.br\/2025\/wp-content\/uploads\/2019\/09\/abem_v2-250x121.jpg 250w, https:\/\/cgem.org.br\/2025\/wp-content\/uploads\/2019\/09\/abem_v2-120x58.jpg 120w, https:\/\/cgem.org.br\/2025\/wp-content\/uploads\/2019\/09\/abem_v2.jpg 580w\" sizes=\"auto, (max-width: 250px) 100vw, 250px\" \/><\/p>\n\n\n<p><\/p>\n","protected":false},"excerpt":{"rendered":"\u2013 CERTIFICADOS LIBERADOS \u2013 (clique aqui para mais informa\u00e7\u00f5es) \u00a0 Seja bem-vindo! No ano de 2024, fomos desafiados por um momento cr\u00edtico causado pelas enchentes que atingiram o estado do Rio Grande do Sul. Em raz\u00e3o disso, o 25\u00b0 Congresso Ga\u00facho de Educa\u00e7\u00e3o M\u00e9dica precisou ser adiado. Agora, com o cen\u00e1rio estabilizado, estamos prontos para&#8230; <a class=\"view-article\" href=\"https:\/\/cgem.org.br\/2025\/\">Ver artigo<\/a>","protected":false},"author":2,"featured_media":3590,"parent":0,"menu_order":1,"comment_status":"closed","ping_status":"closed","template":"template_home.php","meta":{"_acf_changed":false,"footnotes":""},"class_list":["post-135","page","type-page","status-publish","has-post-thumbnail","hentry"],"acf":[],"_links":{"self":[{"href":"https:\/\/cgem.org.br\/2025\/wp-json\/wp\/v2\/pages\/135","targetHints":{"allow":["GET"]}}],"collection":[{"href":"https:\/\/cgem.org.br\/2025\/wp-json\/wp\/v2\/pages"}],"about":[{"href":"https:\/\/cgem.org.br\/2025\/wp-json\/wp\/v2\/types\/page"}],"author":[{"embeddable":true,"href":"https:\/\/cgem.org.br\/2025\/wp-json\/wp\/v2\/users\/2"}],"replies":[{"embeddable":true,"href":"https:\/\/cgem.org.br\/2025\/wp-json\/wp\/v2\/comments?post=135"}],"version-history":[{"count":10,"href":"https:\/\/cgem.org.br\/2025\/wp-json\/wp\/v2\/pages\/135\/revisions"}],"predecessor-version":[{"id":3742,"href":"https:\/\/cgem.org.br\/2025\/wp-json\/wp\/v2\/pages\/135\/revisions\/3742"}],"wp:featuredmedia":[{"embeddable":true,"href":"https:\/\/cgem.org.br\/2025\/wp-json\/wp\/v2\/media\/3590"}],"wp:attachment":[{"href":"https:\/\/cgem.org.br\/2025\/wp-json\/wp\/v2\/media?parent=135"}],"curies":[{"name":"wp","href":"https:\/\/api.w.org\/{rel}","templated":true}]}}