{"id":1425,"date":"2018-03-23T00:34:03","date_gmt":"2018-03-23T00:34:03","guid":{"rendered":"http:\/\/coemco.com.br\/2018\/?page_id=1425"},"modified":"2025-03-17T01:00:11","modified_gmt":"2025-03-17T01:00:11","slug":"inscricoes","status":"publish","type":"page","link":"https:\/\/cgem.org.br\/2025\/inscricoes\/","title":{"rendered":"Inscri\u00e7\u00f5es"},"content":{"rendered":"<h4><span style=\"color: #000000;\"><strong>TABELA DE VALORES<br \/><br \/><\/strong><\/span><\/h4>\n<p style=\"text-align: center;\"><img decoding=\"async\" class=\"aligncenter wp-image-3657\" src=\"https:\/\/cgem.org.br\/2025\/wp-content\/uploads\/2025\/02\/25Cgem_tabela_v3.png\" alt=\"\" width=\"90%\" \/><\/p>\n<p style=\"text-align: center;\">\u00a0<\/p>\n<p style=\"text-align: center;\"><a href=\"https:\/\/admin.abem-nacional.com.br\/evento\/25-cgem\" target=\"_blank\" rel=\"noopener\"><img loading=\"lazy\" decoding=\"async\" class=\"aligncenter wp-image-3561\" src=\"https:\/\/cgem.org.br\/2025\/wp-content\/uploads\/2024\/03\/25cgem_btn_inscricao.png\" alt=\"\" width=\"250\" height=\"41\" \/><\/a><\/p>\n<p><span style=\"color: #000000;\"><strong><br \/><br \/>Informa\u00e7\u00f5es Importantes:\u00a0<br \/><\/strong><\/span><span style=\"color: #000000;\">a) As vagas para o evento s\u00e3o LIMITADAS!<\/span><br \/><span style=\"color: #000000;\">b) <\/span>Pessoas que j\u00e1 estavam inscritas no evento e n\u00e3o demonstraram interesse em cancelar sua inscri\u00e7\u00e3o e receber o reembolso quando houve o adiamento do congresso, est\u00e3o com a inscri\u00e7\u00e3o confirmada.<\/p>\n<p><span style=\"color: #000000;\"><strong><br \/>Formas de Pagamento e Prazos para Compensa\u00e7\u00e3o:<\/strong><\/span><br \/><span style=\"color: #000000;\">\u2013 Boleto Banc\u00e1rio: em at\u00e9 3 dias \u00fateis (at\u00e9 17\/05\/2025).<br \/>\u2013 Cart\u00e3o de Cr\u00e9dito: em at\u00e9 1 hora.<br \/>\u2013 PIX: 5 minutos.<br \/><\/span><\/p>\n<p><strong>\u00a0<\/strong><\/p>\n<hr \/>\n<h4><strong>PACOTE DE INSCRI\u00c7\u00d5ES<\/strong><\/h4>\n<p>Ser\u00e3o aceitas inscri\u00e7\u00f5es por pacotes de pelo menos 10 (dez) inscri\u00e7\u00f5es, pagas em conjunto, de uma s\u00f3 vez, com emiss\u00e3o de boleto \u00fanico. As inscri\u00e7\u00f5es por pacotes dever\u00e3o ser realizadas atrav\u00e9s do painel do congressista no menu: <strong>INSCRI\u00c7\u00d5ES -&gt; PACOTE DE INSCRI\u00c7\u00d5ES.\u00a0<\/strong><\/p>\n<p><br \/>Todos os congressistas, que ir\u00e3o compor o pacote, dever\u00e3o estar previamente cadastrados no sistema. Caso contr\u00e1rio n\u00e3o ser\u00e1 poss\u00edvel inseri-los no pacote de inscri\u00e7\u00f5es. Abaixo a tabela de desconto referente ao n\u00famero de congressistas por pacote.<br \/><br \/>DATA LIMITE para solicita\u00e7\u00e3o de Pacote at\u00e9 o dia: <strong>17\/05\/2025<br \/><br \/><\/strong><\/p>\n<p>\u2013 Pacote de 10 a 20 inscritos, desconto de <strong>10%<\/strong><br \/>\u2013 Pacote de 21 a 30 inscritos, desconto de <strong>15%<\/strong><br \/>\u2013 Pacote de 31 a 50 inscritos, desconto de <strong>20%<\/strong><br \/>\u2013 Pacote acima de 50 inscritos, desconto de <strong>25%<\/strong><\/p>\n<hr \/>\n<h4>\u00a0<\/h4>\n<h4><strong>CERTIFICADOS<\/strong><\/h4>\n<p>Os certificados DE PARTICIPA\u00c7\u00c3O ser\u00e3o disponibilizados, no painel do congressista, 30 (trinta) dias ap\u00f3s o t\u00e9rmino do evento. N\u00e3o haver\u00e1 emiss\u00e3o de certificados de participa\u00e7\u00e3o no local do evento.<\/p>\n<hr \/>\n<h4>\u00a0<\/h4>\n<h4><span style=\"color: #000000;\"><strong>POL\u00cdTICA DE REEMBOLSO<\/strong><\/span><\/h4>\n<p><span style=\"color: #000000;\"><strong>Sem Justificativa:<\/strong> Prazo para solicita\u00e7\u00e3o: at\u00e9 30 (trinta) dias antes do evento.<\/span><br \/><span style=\"color: #000000;\">Valor a ser reembolsado: 80% do valor pago.<\/span><br \/><span style=\"color: #000000;\">Deve-se acessar o painel do congressista, no menu superior clicar em \u201cInscri\u00e7\u00f5es -&gt; Minhas Inscri\u00e7\u00f5es\u201d e solicitar o reembolso da fatura referente a inscri\u00e7\u00e3o no evento.<\/span><\/p>\n<p><span style=\"color: #000000;\"><strong><br \/>Problemas de Sa\u00fade:<\/strong> Prazo para solicita\u00e7\u00e3o: at\u00e9 3 (tr\u00eas) dias antes do evento.<\/span><br \/><span style=\"color: #000000;\">Valor a ser reembolsado: 80% do valor pago. <\/span><br \/><span style=\"color: #000000;\">Deve-se acessar o painel do congressista, no menu superior clicar em \u201cInscri\u00e7\u00f5es -&gt; Minhas Inscri\u00e7\u00f5es\u201d e solicitar o reembolso da fatura referente a inscri\u00e7\u00e3o no evento.<\/span><\/p>\n<p><span style=\"color: #000000;\"><strong><br \/>Duplicidade de Pagamento:<\/strong> Prazo para solicita\u00e7\u00e3o: at\u00e9 3 (tr\u00eas) dias antes do evento.<\/span><br \/><span style=\"color: #000000;\">Valor a ser reembolsado: 100% do valor pago. <\/span><br \/><span style=\"color: #000000;\">Deve-se acessar o painel do congressista, no menu superior clicar em \u201cInscri\u00e7\u00f5es -&gt; Minhas Inscri\u00e7\u00f5es\u201d e solicitar o reembolso da fatura referente a inscri\u00e7\u00e3o no evento.<\/span><\/p>\n<p><span style=\"color: #000000;\"><strong><br \/>N\u00e3o Comparecimento:<\/strong> Em caso de n\u00e3o comparecimento, o valor pago pela inscri\u00e7\u00e3o do evento ou oficina n\u00e3o ser\u00e1 devolvido.<\/span><\/p>\n<hr \/>\n<p style=\"text-align: left;\">\u00a0<\/p>\n\n\n<p><\/p>\n","protected":false},"excerpt":{"rendered":"TABELA DE VALORES \u00a0 Informa\u00e7\u00f5es Importantes:\u00a0a) As vagas para o evento s\u00e3o LIMITADAS!b) Pessoas que j\u00e1 estavam inscritas no evento e n\u00e3o demonstraram interesse em cancelar sua inscri\u00e7\u00e3o e receber o reembolso quando houve o adiamento do congresso, est\u00e3o com a inscri\u00e7\u00e3o confirmada. Formas de Pagamento e Prazos para Compensa\u00e7\u00e3o:\u2013 Boleto Banc\u00e1rio: em at\u00e9 3&#8230; <a class=\"view-article\" href=\"https:\/\/cgem.org.br\/2025\/inscricoes\/\">Ver artigo<\/a>","protected":false},"author":2,"featured_media":3586,"parent":0,"menu_order":8,"comment_status":"closed","ping_status":"closed","template":"template_institutional.php","meta":{"_acf_changed":false,"footnotes":""},"class_list":["post-1425","page","type-page","status-publish","has-post-thumbnail","hentry"],"acf":[],"_links":{"self":[{"href":"https:\/\/cgem.org.br\/2025\/wp-json\/wp\/v2\/pages\/1425","targetHints":{"allow":["GET"]}}],"collection":[{"href":"https:\/\/cgem.org.br\/2025\/wp-json\/wp\/v2\/pages"}],"about":[{"href":"https:\/\/cgem.org.br\/2025\/wp-json\/wp\/v2\/types\/page"}],"author":[{"embeddable":true,"href":"https:\/\/cgem.org.br\/2025\/wp-json\/wp\/v2\/users\/2"}],"replies":[{"embeddable":true,"href":"https:\/\/cgem.org.br\/2025\/wp-json\/wp\/v2\/comments?post=1425"}],"version-history":[{"count":11,"href":"https:\/\/cgem.org.br\/2025\/wp-json\/wp\/v2\/pages\/1425\/revisions"}],"predecessor-version":[{"id":3750,"href":"https:\/\/cgem.org.br\/2025\/wp-json\/wp\/v2\/pages\/1425\/revisions\/3750"}],"wp:featuredmedia":[{"embeddable":true,"href":"https:\/\/cgem.org.br\/2025\/wp-json\/wp\/v2\/media\/3586"}],"wp:attachment":[{"href":"https:\/\/cgem.org.br\/2025\/wp-json\/wp\/v2\/media?parent=1425"}],"curies":[{"name":"wp","href":"https:\/\/api.w.org\/{rel}","templated":true}]}}