{"id":157,"date":"2016-04-15T04:30:38","date_gmt":"2016-04-15T04:30:38","guid":{"rendered":"http:\/\/cobem.com.br\/2016\/?page_id=157"},"modified":"2025-07-03T15:26:26","modified_gmt":"2025-07-03T15:26:26","slug":"organizacao","status":"publish","type":"page","link":"https:\/\/cgem.org.br\/2025\/o-congresso\/organizacao\/","title":{"rendered":"Organiza\u00e7\u00e3o"},"content":{"rendered":"<h4><span style=\"color: #000000;\"><strong>Comiss\u00e3o Organizadora | 25\u00ba CGEM<\/strong><\/span><\/h4>\n<hr \/>\n<p><strong>Diretor da Regional Sul I Abem:<\/strong><br \/>&#8211; Francisco Arsego (UFRGS)<\/p>\n<p><strong><br \/>Presidente Docente:<\/strong><br \/>&#8211; Felipe Costa (UFN)<\/p>\n<p><strong><br \/>Presidente Discente:<\/strong><br \/>&#8211; Ana Claudia Guma Fiorenza de Oliveira (UFN)<\/p>\n<p><strong><br \/>Comiss\u00e3o Executiva:<br \/><\/strong>&#8211; Alessandro Patrik Oliveira<br \/>&#8211; Ana Claudia Guma Fiorenza de Oliveira<br \/>&#8211; Angela Regina Maciel Weinmann<br \/>&#8211; Bianca Guazina Dalla Costa<br \/>&#8211; Felipe Costa<br \/>&#8211; Francisco Arsego<br \/>&#8211; Gabriel Herrmann Danesi<br \/>&#8211; Gabriela Pozzobon Zamberlan da Silva<br \/>&#8211; Guilherme Garcia Sott<br \/>&#8211; Isabella Kappel Beppler<br \/>&#8211; Jadete Barbosa Lampert<br \/>&#8211; Leris Salete Bonfanti Haeffner<br \/>&#8211; Liliane Mello<br \/>&#8211; Nicol\u00e1s Navarro Stiler<br \/>&#8211; Tatiane de F\u00e1tima da Silva Pessoa<br \/>&#8211; Vanessa Somavilla<\/p>\n<p><strong><br \/>Comiss\u00e3o de Trabalhos Cient\u00edficos:<\/strong><br \/>&#8211; Adalgiso Feij\u00f3 Malaguez<br \/>&#8211; Angela Regina Maciel Weinmann<br \/>&#8211; C\u00e1ssia dos Santos Wippel<br \/>&#8211; Grazielli dos Santos Lidtke<br \/>&#8211; Heloisa Ataide Isaia<br \/>&#8211; Kelly Carvalho Silveira Gon\u00e7alves <br \/>&#8211; Leris Salete Bonfanti Haeffner <br \/>&#8211; Manuel Albino Moro Torres<br \/>&#8211; Natiele Dutra Gomes Gularte<br \/>&#8211; Rafael Vaz Machry<\/p>\n<p><strong><br \/>Comiss\u00e3o Cultural:<\/strong><br \/>&#8211; Amanda Ferreira Rodrigues <br \/>&#8211; Ana Claudia Guma Fiorenza de Oliveira<br \/>&#8211; Bianca Guazina Dalla Costa<br \/>&#8211; Breno Bopp Antonello<br \/>&#8211; Guilherme Garcia Sott <br \/>&#8211; Liliane Mello<br \/>&#8211; Luan Garcia de Azevedo<\/p>\n<p><strong><br \/>Comiss\u00e3o de Comunica\u00e7\u00e3o e Marketing:<\/strong><br \/>&#8211; Ana Caroline Mezzalira<br \/>&#8211; Ana Claudia Guma Fiorenza de Oliveira<br \/>&#8211; Bianca Guazina Dalla Costa<br \/>&#8211; Liliane Mello<br \/>&#8211; Luiza Didone<br \/>&#8211; Julia Zago de Barros<\/p>\n<p><strong><br \/>Apoio:<\/strong><br \/>&#8211; Rozane Gon\u00e7alves Landskron (Abem)<br \/>&#8211; Cristiane Ruiz (Abem)<br \/>&#8211; Luis Fernando Corr\u00eaa Cartezani (Kacto)<\/p>\n\n\n<p><\/p>\n","protected":false},"excerpt":{"rendered":"Comiss\u00e3o Organizadora | 25\u00ba CGEM Diretor da Regional Sul I Abem:&#8211; Francisco Arsego (UFRGS) Presidente Docente:&#8211; Felipe Costa (UFN) Presidente Discente:&#8211; Ana Claudia Guma Fiorenza de Oliveira (UFN) Comiss\u00e3o Executiva:&#8211; Alessandro Patrik Oliveira&#8211; Ana Claudia Guma Fiorenza de Oliveira&#8211; Angela Regina Maciel Weinmann&#8211; Bianca Guazina Dalla Costa&#8211; Felipe Costa&#8211; Francisco Arsego&#8211; Gabriel Herrmann Danesi&#8211; Gabriela&#8230; <a class=\"view-article\" href=\"https:\/\/cgem.org.br\/2025\/o-congresso\/organizacao\/\">Ver artigo<\/a>","protected":false},"author":2,"featured_media":3586,"parent":23,"menu_order":2,"comment_status":"closed","ping_status":"closed","template":"template_institutional.php","meta":{"_acf_changed":false,"footnotes":""},"class_list":["post-157","page","type-page","status-publish","has-post-thumbnail","hentry"],"acf":[],"_links":{"self":[{"href":"https:\/\/cgem.org.br\/2025\/wp-json\/wp\/v2\/pages\/157","targetHints":{"allow":["GET"]}}],"collection":[{"href":"https:\/\/cgem.org.br\/2025\/wp-json\/wp\/v2\/pages"}],"about":[{"href":"https:\/\/cgem.org.br\/2025\/wp-json\/wp\/v2\/types\/page"}],"author":[{"embeddable":true,"href":"https:\/\/cgem.org.br\/2025\/wp-json\/wp\/v2\/users\/2"}],"replies":[{"embeddable":true,"href":"https:\/\/cgem.org.br\/2025\/wp-json\/wp\/v2\/comments?post=157"}],"version-history":[{"count":9,"href":"https:\/\/cgem.org.br\/2025\/wp-json\/wp\/v2\/pages\/157\/revisions"}],"predecessor-version":[{"id":3748,"href":"https:\/\/cgem.org.br\/2025\/wp-json\/wp\/v2\/pages\/157\/revisions\/3748"}],"up":[{"embeddable":true,"href":"https:\/\/cgem.org.br\/2025\/wp-json\/wp\/v2\/pages\/23"}],"wp:featuredmedia":[{"embeddable":true,"href":"https:\/\/cgem.org.br\/2025\/wp-json\/wp\/v2\/media\/3586"}],"wp:attachment":[{"href":"https:\/\/cgem.org.br\/2025\/wp-json\/wp\/v2\/media?parent=157"}],"curies":[{"name":"wp","href":"https:\/\/api.w.org\/{rel}","templated":true}]}}