{"id":159,"date":"2016-04-15T04:31:33","date_gmt":"2016-04-15T04:31:33","guid":{"rendered":"http:\/\/cobem.com.br\/2016\/?page_id=159"},"modified":"2025-02-17T14:44:01","modified_gmt":"2025-02-17T14:44:01","slug":"eixos-tematicos","status":"publish","type":"page","link":"https:\/\/cgem.org.br\/2025\/o-congresso\/eixos-tematicos\/","title":{"rendered":"Eixos Tem\u00e1ticos"},"content":{"rendered":"<h4 style=\"text-align: center;\"><span style=\"color: #000000;\"><strong>Tema Central:<br \/>\u201cDesafio das demandas contempor\u00e2neas da forma\u00e7\u00e3o m\u00e9dica\u201d<\/strong><\/span><\/h4>\n<hr \/>\n<p><span style=\"color: #000000;\"><strong><br \/>Eixo 1: TECNOLOGIA E EDUCA\u00c7\u00c3O<br \/><\/strong>Intelig\u00eancia artificial na medicina; tecnologia associada \u00e0 forma\u00e7\u00e3o m\u00e9dica; mundo tecnol\u00f3gico como distra\u00e7\u00e3o para discentes e docentes; inova\u00e7\u00f5es tecnol\u00f3gicas na arte do cuidado; moderniza\u00e7\u00e3o do saber.<br \/><\/span><\/p>\n<hr \/>\n<p><span style=\"color: #000000;\"><strong><br \/>Eixo 2: LIGAS ACAD\u00caMICAS E EDUCA\u00c7\u00c3O M\u00c9DICA<br \/><\/strong>Influ\u00eancia das Ligas na forma\u00e7\u00e3o m\u00e9dica; Ligas e projetos de extens\u00e3o; Ligas Acad\u00eamicas e lideran\u00e7a\/representatividade estudantil.<strong><br \/><\/strong><\/span><\/p>\n<hr \/>\n<p><span style=\"color: #000000;\"><strong><br \/>Eixo 3: FORMA\u00c7\u00c3O M\u00c9DICA NO BRASIL<br \/><\/strong>Desafios da forma\u00e7\u00e3o m\u00e9dica; perspectiva da nova gera\u00e7\u00e3o de m\u00e9dicos; resid\u00eancia m\u00e9dica no Brasil; forma\u00e7\u00e3o m\u00e9dica e a influ\u00eancia na sa\u00fade p\u00fablica; did\u00e1tica e planejamento nas escolas m\u00e9dicas.<strong><br \/><\/strong><\/span><\/p>\n<hr \/>\n<p><span style=\"color: #000000;\"><strong><br \/>Eixo 4: ESPIRITUALIDADE E MEDICINA<br \/><\/strong>Forma\u00e7\u00e3o cidad\u00e3 na medicina; cuidado al\u00e9m da medica\u00e7\u00e3o; empatia e rela\u00e7\u00e3o m\u00e9dico-paciente.<\/span><\/p>\n<p>\u00a0<\/p>\n<p>\u00a0<\/p>\n<p>\u00a0<\/p>\n<p>\u00a0<\/p>\n<p>\u00a0<\/p>\n<p>\u00a0<\/p>\n<p>\u00a0<\/p>\n\n\n<p><\/p>\n","protected":false},"excerpt":{"rendered":"Tema Central:\u201cDesafio das demandas contempor\u00e2neas da forma\u00e7\u00e3o m\u00e9dica\u201d Eixo 1: TECNOLOGIA E EDUCA\u00c7\u00c3OIntelig\u00eancia artificial na medicina; tecnologia associada \u00e0 forma\u00e7\u00e3o m\u00e9dica; mundo tecnol\u00f3gico como distra\u00e7\u00e3o para discentes e docentes; inova\u00e7\u00f5es tecnol\u00f3gicas na arte do cuidado; moderniza\u00e7\u00e3o do saber. Eixo 2: LIGAS ACAD\u00caMICAS E EDUCA\u00c7\u00c3O M\u00c9DICAInflu\u00eancia das Ligas na forma\u00e7\u00e3o m\u00e9dica; Ligas e projetos de extens\u00e3o;&#8230; <a class=\"view-article\" href=\"https:\/\/cgem.org.br\/2025\/o-congresso\/eixos-tematicos\/\">Ver artigo<\/a>","protected":false},"author":2,"featured_media":3586,"parent":23,"menu_order":3,"comment_status":"closed","ping_status":"closed","template":"template_institutional.php","meta":{"_acf_changed":false,"footnotes":""},"class_list":["post-159","page","type-page","status-publish","has-post-thumbnail","hentry"],"acf":[],"_links":{"self":[{"href":"https:\/\/cgem.org.br\/2025\/wp-json\/wp\/v2\/pages\/159","targetHints":{"allow":["GET"]}}],"collection":[{"href":"https:\/\/cgem.org.br\/2025\/wp-json\/wp\/v2\/pages"}],"about":[{"href":"https:\/\/cgem.org.br\/2025\/wp-json\/wp\/v2\/types\/page"}],"author":[{"embeddable":true,"href":"https:\/\/cgem.org.br\/2025\/wp-json\/wp\/v2\/users\/2"}],"replies":[{"embeddable":true,"href":"https:\/\/cgem.org.br\/2025\/wp-json\/wp\/v2\/comments?post=159"}],"version-history":[{"count":10,"href":"https:\/\/cgem.org.br\/2025\/wp-json\/wp\/v2\/pages\/159\/revisions"}],"predecessor-version":[{"id":3647,"href":"https:\/\/cgem.org.br\/2025\/wp-json\/wp\/v2\/pages\/159\/revisions\/3647"}],"up":[{"embeddable":true,"href":"https:\/\/cgem.org.br\/2025\/wp-json\/wp\/v2\/pages\/23"}],"wp:featuredmedia":[{"embeddable":true,"href":"https:\/\/cgem.org.br\/2025\/wp-json\/wp\/v2\/media\/3586"}],"wp:attachment":[{"href":"https:\/\/cgem.org.br\/2025\/wp-json\/wp\/v2\/media?parent=159"}],"curies":[{"name":"wp","href":"https:\/\/api.w.org\/{rel}","templated":true}]}}