{"id":2245,"date":"2018-11-26T11:40:05","date_gmt":"2018-11-26T11:40:05","guid":{"rendered":"http:\/\/cobem.com.br\/2018\/?page_id=2245"},"modified":"2025-06-27T15:20:29","modified_gmt":"2025-06-27T15:20:29","slug":"certificados","status":"publish","type":"page","link":"https:\/\/cgem.org.br\/2025\/certificados\/","title":{"rendered":"Certificados de Participa\u00e7\u00e3o"},"content":{"rendered":"<p><strong>Siga as orienta\u00e7\u00f5es abaixo para acessar os certificados do evento.<\/strong><\/p>\n<p>&nbsp;<\/p>\n<p><strong>01<\/strong>\u00a0\u2013 Realize o login no o Painel do Congressista (<a href=\"https:\/\/admin.abem-nacional.com.br\/evento\/25-cgem\/login\" target=\"_blank\" rel=\"noopener\">clique aqui<\/a>)<\/p>\n<p><strong>02<\/strong> \u2013 Ap\u00f3s feito o login, clique no menu superior \u201cCertificados\u201d.<\/p>\n<p><strong>03<\/strong>\u00a0\u2013 Clique na op\u00e7\u00e3o \u201cLiberar Certificados\u201d.<\/p>\n<p><strong>04<\/strong>\u00a0\u2013 Responda a pesquisa sobre o evento 25\u00ba CGEM<\/p>\n<p><strong>05<\/strong>\u00a0\u2013 Clique no bot\u00e3o relacionando a cada certificado para gerar e iniciar o download do arquivo.<\/p>\n<hr \/>\n<p><strong><br \/>\nIMPORTANTE:<\/strong><br \/>\nOs congressistas, palestrantes, autores de trabalhos, oficinas, viv\u00eancias e ambi\u00eancias ter\u00e3o o prazo de 30 dias ap\u00f3s a data de emiss\u00e3o dos certificados e texto dos anais, para reportar inconsist\u00eancia de qualquer natureza em rela\u00e7\u00e3o as informa\u00e7\u00f5es.<\/p>\n<p>Ap\u00f3s esse prazo nenhuma solicita\u00e7\u00e3o de ajuste\/altera\u00e7\u00e3o poder\u00e1 ser realizada.<\/p>\n<p>Data da emiss\u00e3o dos certificados: <strong>26\/06\/2025<\/strong><\/p>\n","protected":false},"excerpt":{"rendered":"Siga as orienta\u00e7\u00f5es abaixo para acessar os certificados do evento. &nbsp; 01\u00a0\u2013 Realize o login no o Painel do Congressista (clique aqui) 02 \u2013 Ap\u00f3s feito o login, clique no menu superior \u201cCertificados\u201d. 03\u00a0\u2013 Clique na op\u00e7\u00e3o \u201cLiberar Certificados\u201d. 04\u00a0\u2013 Responda a pesquisa sobre o evento 25\u00ba CGEM 05\u00a0\u2013 Clique no bot\u00e3o relacionando a cada&#8230; <a class=\"view-article\" href=\"https:\/\/cgem.org.br\/2025\/certificados\/\">Ver artigo<\/a>","protected":false},"author":2,"featured_media":3586,"parent":0,"menu_order":10,"comment_status":"closed","ping_status":"closed","template":"template_institutional.php","meta":{"_acf_changed":false,"footnotes":""},"class_list":["post-2245","page","type-page","status-publish","has-post-thumbnail","hentry"],"acf":[],"_links":{"self":[{"href":"https:\/\/cgem.org.br\/2025\/wp-json\/wp\/v2\/pages\/2245","targetHints":{"allow":["GET"]}}],"collection":[{"href":"https:\/\/cgem.org.br\/2025\/wp-json\/wp\/v2\/pages"}],"about":[{"href":"https:\/\/cgem.org.br\/2025\/wp-json\/wp\/v2\/types\/page"}],"author":[{"embeddable":true,"href":"https:\/\/cgem.org.br\/2025\/wp-json\/wp\/v2\/users\/2"}],"replies":[{"embeddable":true,"href":"https:\/\/cgem.org.br\/2025\/wp-json\/wp\/v2\/comments?post=2245"}],"version-history":[{"count":10,"href":"https:\/\/cgem.org.br\/2025\/wp-json\/wp\/v2\/pages\/2245\/revisions"}],"predecessor-version":[{"id":3746,"href":"https:\/\/cgem.org.br\/2025\/wp-json\/wp\/v2\/pages\/2245\/revisions\/3746"}],"wp:featuredmedia":[{"embeddable":true,"href":"https:\/\/cgem.org.br\/2025\/wp-json\/wp\/v2\/media\/3586"}],"wp:attachment":[{"href":"https:\/\/cgem.org.br\/2025\/wp-json\/wp\/v2\/media?parent=2245"}],"curies":[{"name":"wp","href":"https:\/\/api.w.org\/{rel}","templated":true}]}}