{"id":34,"date":"2016-04-04T00:45:27","date_gmt":"2016-04-04T00:45:27","guid":{"rendered":"http:\/\/localhost:8080\/?page_id=34"},"modified":"2025-02-18T19:45:59","modified_gmt":"2025-02-18T19:45:59","slug":"contato","status":"publish","type":"page","link":"https:\/\/cgem.org.br\/2025\/contato\/","title":{"rendered":"Contato"},"content":{"rendered":"<h4><span style=\"color: #000000;\"><strong>Abem | Associa\u00e7\u00e3o Brasileira de Educa\u00e7\u00e3o M\u00e9dica<\/strong><\/span><\/h4>\n<p><span style=\"color: #000000;\"><br \/>\nAssocia\u00e7\u00e3o Brasileira de Educa\u00e7\u00e3o M\u00e9dica \u2013 ABEM<\/span><br \/>\n<span style=\"color: #000000;\">CNPJ: 29.212.628\/0001-32<\/span><br \/>\n<span style=\"color: #000000;\">SCN \u2013 QD 02 \u2013 BL D \u2013 Torre A \u2013 Salas: 1021 e 1023 \u2013 Asa Norte<\/span><br \/>\n<span style=\"color: #000000;\">CEP: 70712-903 | Bras\u00edlia \u2013 DF<\/span><\/p>\n<p>.<\/p>\n<p class=\"custom-margin\">Telefones: (61) 3024-9978 \/ 3024-8013<br \/>\n<span style=\"color: #333333;\"><span style=\"color: #000000;\">D\u00favidas Gerais:<\/span> <span style=\"color: #339966;\"><a style=\"color: #339966;\" href=\"mailto:secretaria@abem-educmed.org.br\" target=\"_blank\" rel=\"noopener\">secretaria@abem-educmed.org.br<\/a><\/span><br \/>\n<\/span><\/p>\n","protected":false},"excerpt":{"rendered":"Abem | Associa\u00e7\u00e3o Brasileira de Educa\u00e7\u00e3o M\u00e9dica Associa\u00e7\u00e3o Brasileira de Educa\u00e7\u00e3o M\u00e9dica \u2013 ABEM CNPJ: 29.212.628\/0001-32 SCN \u2013 QD 02 \u2013 BL D \u2013 Torre A \u2013 Salas: 1021 e 1023 \u2013 Asa Norte CEP: 70712-903 | Bras\u00edlia \u2013 DF . Telefones: (61) 3024-9978 \/ 3024-8013 D\u00favidas Gerais: secretaria@abem-educmed.org.br","protected":false},"author":2,"featured_media":3586,"parent":0,"menu_order":12,"comment_status":"closed","ping_status":"closed","template":"template_contato.php","meta":{"_acf_changed":false,"footnotes":""},"class_list":["post-34","page","type-page","status-publish","has-post-thumbnail","hentry"],"acf":[],"_links":{"self":[{"href":"https:\/\/cgem.org.br\/2025\/wp-json\/wp\/v2\/pages\/34","targetHints":{"allow":["GET"]}}],"collection":[{"href":"https:\/\/cgem.org.br\/2025\/wp-json\/wp\/v2\/pages"}],"about":[{"href":"https:\/\/cgem.org.br\/2025\/wp-json\/wp\/v2\/types\/page"}],"author":[{"embeddable":true,"href":"https:\/\/cgem.org.br\/2025\/wp-json\/wp\/v2\/users\/2"}],"replies":[{"embeddable":true,"href":"https:\/\/cgem.org.br\/2025\/wp-json\/wp\/v2\/comments?post=34"}],"version-history":[{"count":10,"href":"https:\/\/cgem.org.br\/2025\/wp-json\/wp\/v2\/pages\/34\/revisions"}],"predecessor-version":[{"id":3656,"href":"https:\/\/cgem.org.br\/2025\/wp-json\/wp\/v2\/pages\/34\/revisions\/3656"}],"wp:featuredmedia":[{"embeddable":true,"href":"https:\/\/cgem.org.br\/2025\/wp-json\/wp\/v2\/media\/3586"}],"wp:attachment":[{"href":"https:\/\/cgem.org.br\/2025\/wp-json\/wp\/v2\/media?parent=34"}],"curies":[{"name":"wp","href":"https:\/\/api.w.org\/{rel}","templated":true}]}}